{"id":1318,"date":"2025-02-01T10:05:33","date_gmt":"2025-02-01T09:05:33","guid":{"rendered":"https:\/\/aiesec-alumni.pl\/?page_id=1318"},"modified":"2025-04-14T19:13:18","modified_gmt":"2025-04-14T17:13:18","slug":"congress","status":"publish","type":"page","link":"https:\/\/aiesec-alumni.pl\/index.php\/congress\/","title":{"rendered":"Alumni Congress"},"content":{"rendered":"\n<p>Zapraszamy wszystkich Alumni AIESEC oraz Sympatyk\u00f3w na wyj\u0105tkowe wydarzenie &#8211; Kongres Alumni AIESEC Polska!<\/p>\n\n\n\n<p><strong>Kiedy?<\/strong> Sobota, 5 kwietnia 2025<\/p>\n\n\n\n<p><strong>Gdzie?<\/strong> Warszawa, ul. Szwedzka 2\/4, <a href=\"https:\/\/kwadratpraski.pl\/\"><strong>Kwadrat Praski<\/strong><\/a><\/p>\n\n\n\n<h3><strong>Co nas czeka?<\/strong><\/h3>\n\n\n\n<ul><li>Inspiruj\u0105cy m\u00f3wcy<\/li><li>Wyj\u0105tkowy networking<\/li><li>Praktyczne warsztaty<\/li><li>Dyskusje na wa\u017cne tematy<\/li><li>Wybory nowych w\u0142adz Stowarzyszenia Alumni AIESEC Polska<\/li><li>Integracja i impreza<\/li><\/ul>\n\n\n\n<h3>Agenda<\/h3>\n\n\n\n<figure class=\"wp-block-table\"><table><tbody><tr><td>Rozpocz\u0119cie, networking, wyk\u0142ad otwieraj\u0105cy<\/td><td>9:30 &#8211; 11:15<\/td><\/tr><tr><td>Alumni Talks<\/td><td>11:15 &#8211; 12:30<\/td><\/tr><tr><td>Warsztaty praktyczne<\/td><td>12:30 &#8211; 13:45<\/td><\/tr><tr><td>Lunch<\/td><td>13:45 &#8211; 14:35<\/td><\/tr><tr><td>Warsztaty praktyczne<\/td><td>14:45 &#8211; 16:00<\/td><\/tr><tr><td>Wyk\u0142ady<\/td><td>16:00 &#8211; 17:45<\/td><\/tr><tr><td>Walne Zebranie<\/td><td>17:45 &#8211; 19:30<\/td><\/tr><tr><td>Kolacja<\/td><td>19:30 &#8211; 20:30<\/td><\/tr><tr><td>Impreza z DJem<\/td><td>20:30 &#8211; 2:00<\/td><\/tr><\/tbody><\/table><\/figure>\n\n\n\n<h3>Poznaj naszych m\u00f3wc\u00f3w i ich tematy<\/h3>\n\n\n\n<figure class=\"wp-container-2 wp-block-gallery-1 wp-block-gallery has-nested-images columns-default is-cropped\">\n<figure class=\"wp-block-image size-large\"><img loading=\"lazy\" width=\"684\" height=\"1024\" data-id=\"1334\"  src=\"https:\/\/aiesec-alumni.pl\/wp-content\/uploads\/2025\/02\/20240506-DSC_0621-684x1024.jpg\" alt=\"\" class=\"wp-image-1334\" srcset=\"https:\/\/aiesec-alumni.pl\/wp-content\/uploads\/2025\/02\/20240506-DSC_0621-684x1024.jpg 684w, https:\/\/aiesec-alumni.pl\/wp-content\/uploads\/2025\/02\/20240506-DSC_0621-200x300.jpg 200w, https:\/\/aiesec-alumni.pl\/wp-content\/uploads\/2025\/02\/20240506-DSC_0621-768x1151.jpg 768w, https:\/\/aiesec-alumni.pl\/wp-content\/uploads\/2025\/02\/20240506-DSC_0621-1025x1536.jpg 1025w, https:\/\/aiesec-alumni.pl\/wp-content\/uploads\/2025\/02\/20240506-DSC_0621-1367x2048.jpg 1367w, https:\/\/aiesec-alumni.pl\/wp-content\/uploads\/2025\/02\/20240506-DSC_0621-700x1049.jpg 700w, https:\/\/aiesec-alumni.pl\/wp-content\/uploads\/2025\/02\/20240506-DSC_0621-520x779.jpg 520w, https:\/\/aiesec-alumni.pl\/wp-content\/uploads\/2025\/02\/20240506-DSC_0621-360x539.jpg 360w, https:\/\/aiesec-alumni.pl\/wp-content\/uploads\/2025\/02\/20240506-DSC_0621-250x375.jpg 250w, https:\/\/aiesec-alumni.pl\/wp-content\/uploads\/2025\/02\/20240506-DSC_0621-100x150.jpg 100w, https:\/\/aiesec-alumni.pl\/wp-content\/uploads\/2025\/02\/20240506-DSC_0621-scaled.jpg 1709w\" sizes=\"(max-width: 684px) 100vw, 684px\" \/><figcaption>Micha\u0142 \u017byli\u0144ski<br>Przedsi\u0119biorca, sportowiec, m\u00f3wca motywacyjny<br><strong>Wyk\u0142ad Otwieraj\u0105cy<\/strong><\/figcaption><\/figure>\n\n\n\n<figure class=\"wp-block-image size-large\"><img loading=\"lazy\" width=\"768\" height=\"1024\" data-id=\"1351\"  src=\"https:\/\/aiesec-alumni.pl\/wp-content\/uploads\/2025\/02\/Grzegorz_Turniak_304_print-scaled-1-768x1024.jpg\" alt=\"\" class=\"wp-image-1351\" srcset=\"https:\/\/aiesec-alumni.pl\/wp-content\/uploads\/2025\/02\/Grzegorz_Turniak_304_print-scaled-1-768x1024.jpg 768w, https:\/\/aiesec-alumni.pl\/wp-content\/uploads\/2025\/02\/Grzegorz_Turniak_304_print-scaled-1-225x300.jpg 225w, https:\/\/aiesec-alumni.pl\/wp-content\/uploads\/2025\/02\/Grzegorz_Turniak_304_print-scaled-1-1152x1536.jpg 1152w, https:\/\/aiesec-alumni.pl\/wp-content\/uploads\/2025\/02\/Grzegorz_Turniak_304_print-scaled-1-1536x2048.jpg 1536w, https:\/\/aiesec-alumni.pl\/wp-content\/uploads\/2025\/02\/Grzegorz_Turniak_304_print-scaled-1-700x933.jpg 700w, https:\/\/aiesec-alumni.pl\/wp-content\/uploads\/2025\/02\/Grzegorz_Turniak_304_print-scaled-1-520x693.jpg 520w, https:\/\/aiesec-alumni.pl\/wp-content\/uploads\/2025\/02\/Grzegorz_Turniak_304_print-scaled-1-360x480.jpg 360w, https:\/\/aiesec-alumni.pl\/wp-content\/uploads\/2025\/02\/Grzegorz_Turniak_304_print-scaled-1-250x333.jpg 250w, https:\/\/aiesec-alumni.pl\/wp-content\/uploads\/2025\/02\/Grzegorz_Turniak_304_print-scaled-1-100x133.jpg 100w, https:\/\/aiesec-alumni.pl\/wp-content\/uploads\/2025\/02\/Grzegorz_Turniak_304_print-scaled-1.jpg 1920w\" sizes=\"(max-width: 768px) 100vw, 768px\" \/><figcaption>Grzegorz Turniak <br>M\u00f3wca, wyk\u0142adowca, mentor, pasjonat networkingu<br><strong>Sesja Networkingu<\/strong><\/figcaption><\/figure>\n\n\n\n<figure class=\"wp-block-image size-large\"><img loading=\"lazy\" width=\"680\" height=\"1024\" data-id=\"1336\"  src=\"https:\/\/aiesec-alumni.pl\/wp-content\/uploads\/2025\/02\/IMG_1301-680x1024.jpg\" alt=\"\" class=\"wp-image-1336\" srcset=\"https:\/\/aiesec-alumni.pl\/wp-content\/uploads\/2025\/02\/IMG_1301-680x1024.jpg 680w, https:\/\/aiesec-alumni.pl\/wp-content\/uploads\/2025\/02\/IMG_1301-199x300.jpg 199w, https:\/\/aiesec-alumni.pl\/wp-content\/uploads\/2025\/02\/IMG_1301-768x1156.jpg 768w, https:\/\/aiesec-alumni.pl\/wp-content\/uploads\/2025\/02\/IMG_1301-1020x1536.jpg 1020w, https:\/\/aiesec-alumni.pl\/wp-content\/uploads\/2025\/02\/IMG_1301-1360x2048.jpg 1360w, https:\/\/aiesec-alumni.pl\/wp-content\/uploads\/2025\/02\/IMG_1301-700x1054.jpg 700w, https:\/\/aiesec-alumni.pl\/wp-content\/uploads\/2025\/02\/IMG_1301-520x783.jpg 520w, https:\/\/aiesec-alumni.pl\/wp-content\/uploads\/2025\/02\/IMG_1301-360x542.jpg 360w, https:\/\/aiesec-alumni.pl\/wp-content\/uploads\/2025\/02\/IMG_1301-250x376.jpg 250w, https:\/\/aiesec-alumni.pl\/wp-content\/uploads\/2025\/02\/IMG_1301-100x151.jpg 100w, https:\/\/aiesec-alumni.pl\/wp-content\/uploads\/2025\/02\/IMG_1301-scaled.jpg 1700w\" sizes=\"(max-width: 680px) 100vw, 680px\" \/><figcaption>Andrzej Voigt<br>Ekonomista, inwestor, polityk<br><strong>Droga do Innowacyjnej Gospodarki<\/strong><\/figcaption><\/figure>\n\n\n\n<figure class=\"wp-block-image size-large\"><img loading=\"lazy\" width=\"683\" height=\"1024\" data-id=\"1337\"  src=\"https:\/\/aiesec-alumni.pl\/wp-content\/uploads\/2025\/02\/Photo-683x1024.jpg\" alt=\"\" class=\"wp-image-1337\" srcset=\"https:\/\/aiesec-alumni.pl\/wp-content\/uploads\/2025\/02\/Photo-683x1024.jpg 683w, https:\/\/aiesec-alumni.pl\/wp-content\/uploads\/2025\/02\/Photo-200x300.jpg 200w, https:\/\/aiesec-alumni.pl\/wp-content\/uploads\/2025\/02\/Photo-768x1152.jpg 768w, https:\/\/aiesec-alumni.pl\/wp-content\/uploads\/2025\/02\/Photo-1024x1536.jpg 1024w, https:\/\/aiesec-alumni.pl\/wp-content\/uploads\/2025\/02\/Photo-700x1050.jpg 700w, https:\/\/aiesec-alumni.pl\/wp-content\/uploads\/2025\/02\/Photo-520x780.jpg 520w, https:\/\/aiesec-alumni.pl\/wp-content\/uploads\/2025\/02\/Photo-360x540.jpg 360w, https:\/\/aiesec-alumni.pl\/wp-content\/uploads\/2025\/02\/Photo-250x375.jpg 250w, https:\/\/aiesec-alumni.pl\/wp-content\/uploads\/2025\/02\/Photo-100x150.jpg 100w, https:\/\/aiesec-alumni.pl\/wp-content\/uploads\/2025\/02\/Photo.jpg 1365w\" sizes=\"(max-width: 683px) 100vw, 683px\" \/><figcaption>Hayk Amirkhanyan<br>Specjalista ekonomii behawioralnej<br><strong>What the exchanges in Poland look like from an EP&#8217;s perspective<\/strong><\/figcaption><\/figure>\n\n\n\n<figure class=\"wp-block-image size-large\"><img loading=\"lazy\" width=\"913\" height=\"1024\" data-id=\"1360\"  src=\"https:\/\/aiesec-alumni.pl\/wp-content\/uploads\/2025\/02\/Blaze-Kunke-white-background-913x1024.png\" alt=\"\" class=\"wp-image-1360\" srcset=\"https:\/\/aiesec-alumni.pl\/wp-content\/uploads\/2025\/02\/Blaze-Kunke-white-background-913x1024.png 913w, https:\/\/aiesec-alumni.pl\/wp-content\/uploads\/2025\/02\/Blaze-Kunke-white-background-268x300.png 268w, https:\/\/aiesec-alumni.pl\/wp-content\/uploads\/2025\/02\/Blaze-Kunke-white-background-768x861.png 768w, https:\/\/aiesec-alumni.pl\/wp-content\/uploads\/2025\/02\/Blaze-Kunke-white-background-700x785.png 700w, https:\/\/aiesec-alumni.pl\/wp-content\/uploads\/2025\/02\/Blaze-Kunke-white-background-520x583.png 520w, https:\/\/aiesec-alumni.pl\/wp-content\/uploads\/2025\/02\/Blaze-Kunke-white-background-360x404.png 360w, https:\/\/aiesec-alumni.pl\/wp-content\/uploads\/2025\/02\/Blaze-Kunke-white-background-250x280.png 250w, https:\/\/aiesec-alumni.pl\/wp-content\/uploads\/2025\/02\/Blaze-Kunke-white-background-100x112.png 100w, https:\/\/aiesec-alumni.pl\/wp-content\/uploads\/2025\/02\/Blaze-Kunke-white-background.png 1280w\" sizes=\"(max-width: 913px) 100vw, 913px\" \/><figcaption>B\u0142a\u017cej Kunke&nbsp;<br>Doradca Rozwi\u0105za\u0144 AI<br><strong>Czy istnieje \u017cycie po korporacji?<\/strong> oraz <strong>Praktyczne AI w 2025<\/strong><\/figcaption><\/figure>\n\n\n\n<figure class=\"wp-block-image size-large\"><img loading=\"lazy\" width=\"681\" height=\"1024\" data-id=\"1371\"  src=\"https:\/\/aiesec-alumni.pl\/wp-content\/uploads\/2025\/02\/Iryna-Oleksiuk-photo-beige-681x1024.jpg\" alt=\"\" class=\"wp-image-1371\" srcset=\"https:\/\/aiesec-alumni.pl\/wp-content\/uploads\/2025\/02\/Iryna-Oleksiuk-photo-beige-681x1024.jpg 681w, https:\/\/aiesec-alumni.pl\/wp-content\/uploads\/2025\/02\/Iryna-Oleksiuk-photo-beige-200x300.jpg 200w, https:\/\/aiesec-alumni.pl\/wp-content\/uploads\/2025\/02\/Iryna-Oleksiuk-photo-beige-768x1154.jpg 768w, https:\/\/aiesec-alumni.pl\/wp-content\/uploads\/2025\/02\/Iryna-Oleksiuk-photo-beige-1022x1536.jpg 1022w, https:\/\/aiesec-alumni.pl\/wp-content\/uploads\/2025\/02\/Iryna-Oleksiuk-photo-beige-1363x2048.jpg 1363w, https:\/\/aiesec-alumni.pl\/wp-content\/uploads\/2025\/02\/Iryna-Oleksiuk-photo-beige-700x1052.jpg 700w, https:\/\/aiesec-alumni.pl\/wp-content\/uploads\/2025\/02\/Iryna-Oleksiuk-photo-beige-520x781.jpg 520w, https:\/\/aiesec-alumni.pl\/wp-content\/uploads\/2025\/02\/Iryna-Oleksiuk-photo-beige-360x541.jpg 360w, https:\/\/aiesec-alumni.pl\/wp-content\/uploads\/2025\/02\/Iryna-Oleksiuk-photo-beige-250x376.jpg 250w, https:\/\/aiesec-alumni.pl\/wp-content\/uploads\/2025\/02\/Iryna-Oleksiuk-photo-beige-100x150.jpg 100w, https:\/\/aiesec-alumni.pl\/wp-content\/uploads\/2025\/02\/Iryna-Oleksiuk-photo-beige-scaled.jpg 1703w\" sizes=\"(max-width: 681px) 100vw, 681px\" \/><figcaption>Iryna Oleksiuk<br>Trenerka wyst\u0105pie\u0144 publicznych, pisarka i projektantka kamper-van\u00f3w<br><strong>Lekcje z \u017cycia rok w kamper-vanie<\/strong><\/figcaption><\/figure>\n\n\n\n<figure class=\"wp-block-image size-large\"><img loading=\"lazy\" width=\"819\" height=\"1024\" data-id=\"1373\"  src=\"https:\/\/aiesec-alumni.pl\/wp-content\/uploads\/2025\/02\/Basia-S\u0301widerska-819x1024.png\" alt=\"\" class=\"wp-image-1373\" srcset=\"https:\/\/aiesec-alumni.pl\/wp-content\/uploads\/2025\/02\/Basia-S\u0301widerska-819x1024.png 819w, https:\/\/aiesec-alumni.pl\/wp-content\/uploads\/2025\/02\/Basia-S\u0301widerska-240x300.png 240w, https:\/\/aiesec-alumni.pl\/wp-content\/uploads\/2025\/02\/Basia-S\u0301widerska-768x960.png 768w, https:\/\/aiesec-alumni.pl\/wp-content\/uploads\/2025\/02\/Basia-S\u0301widerska-700x875.png 700w, https:\/\/aiesec-alumni.pl\/wp-content\/uploads\/2025\/02\/Basia-S\u0301widerska-520x650.png 520w, https:\/\/aiesec-alumni.pl\/wp-content\/uploads\/2025\/02\/Basia-S\u0301widerska-360x450.png 360w, https:\/\/aiesec-alumni.pl\/wp-content\/uploads\/2025\/02\/Basia-S\u0301widerska-250x313.png 250w, https:\/\/aiesec-alumni.pl\/wp-content\/uploads\/2025\/02\/Basia-S\u0301widerska-100x125.png 100w, https:\/\/aiesec-alumni.pl\/wp-content\/uploads\/2025\/02\/Basia-S\u0301widerska.png 1080w\" sizes=\"(max-width: 819px) 100vw, 819px\" \/><figcaption>Barbara \u015awiderska<br>Certyfikowana Nauczycielka Mindfulness<br><strong>Warsztat Mindfulness<\/strong><\/figcaption><\/figure>\n\n\n\n<figure class=\"wp-block-image size-large\"><img loading=\"lazy\" width=\"1024\" height=\"768\" data-id=\"1374\"  src=\"https:\/\/aiesec-alumni.pl\/wp-content\/uploads\/2025\/02\/202204-Chris-in-the-office-full-1024x768.jpeg\" alt=\"\" class=\"wp-image-1374\" srcset=\"https:\/\/aiesec-alumni.pl\/wp-content\/uploads\/2025\/02\/202204-Chris-in-the-office-full-1024x768.jpeg 1024w, https:\/\/aiesec-alumni.pl\/wp-content\/uploads\/2025\/02\/202204-Chris-in-the-office-full-300x225.jpeg 300w, https:\/\/aiesec-alumni.pl\/wp-content\/uploads\/2025\/02\/202204-Chris-in-the-office-full-768x576.jpeg 768w, https:\/\/aiesec-alumni.pl\/wp-content\/uploads\/2025\/02\/202204-Chris-in-the-office-full-1536x1152.jpeg 1536w, https:\/\/aiesec-alumni.pl\/wp-content\/uploads\/2025\/02\/202204-Chris-in-the-office-full-2048x1536.jpeg 2048w, https:\/\/aiesec-alumni.pl\/wp-content\/uploads\/2025\/02\/202204-Chris-in-the-office-full-700x525.jpeg 700w, https:\/\/aiesec-alumni.pl\/wp-content\/uploads\/2025\/02\/202204-Chris-in-the-office-full-520x390.jpeg 520w, https:\/\/aiesec-alumni.pl\/wp-content\/uploads\/2025\/02\/202204-Chris-in-the-office-full-360x270.jpeg 360w, https:\/\/aiesec-alumni.pl\/wp-content\/uploads\/2025\/02\/202204-Chris-in-the-office-full-250x188.jpeg 250w, https:\/\/aiesec-alumni.pl\/wp-content\/uploads\/2025\/02\/202204-Chris-in-the-office-full-100x75.jpeg 100w\" sizes=\"(max-width: 1024px) 100vw, 1024px\" \/><figcaption>Christiane Stein<br>Profesjonalistka bran\u017cy motoryzacyjnej i rozwoju kobiet<br><strong>Negotiating for Women<\/strong><\/figcaption><\/figure>\n\n\n\n<figure class=\"wp-block-image size-large\"><img loading=\"lazy\" width=\"1024\" height=\"683\" data-id=\"1375\"  src=\"https:\/\/aiesec-alumni.pl\/wp-content\/uploads\/2025\/02\/TPLAS002-1024x683.jpg\" alt=\"\" class=\"wp-image-1375\" srcset=\"https:\/\/aiesec-alumni.pl\/wp-content\/uploads\/2025\/02\/TPLAS002-1024x683.jpg 1024w, https:\/\/aiesec-alumni.pl\/wp-content\/uploads\/2025\/02\/TPLAS002-300x200.jpg 300w, https:\/\/aiesec-alumni.pl\/wp-content\/uploads\/2025\/02\/TPLAS002-768x512.jpg 768w, https:\/\/aiesec-alumni.pl\/wp-content\/uploads\/2025\/02\/TPLAS002-1536x1024.jpg 1536w, https:\/\/aiesec-alumni.pl\/wp-content\/uploads\/2025\/02\/TPLAS002-2048x1365.jpg 2048w, https:\/\/aiesec-alumni.pl\/wp-content\/uploads\/2025\/02\/TPLAS002-700x467.jpg 700w, https:\/\/aiesec-alumni.pl\/wp-content\/uploads\/2025\/02\/TPLAS002-520x347.jpg 520w, https:\/\/aiesec-alumni.pl\/wp-content\/uploads\/2025\/02\/TPLAS002-360x240.jpg 360w, https:\/\/aiesec-alumni.pl\/wp-content\/uploads\/2025\/02\/TPLAS002-250x167.jpg 250w, https:\/\/aiesec-alumni.pl\/wp-content\/uploads\/2025\/02\/TPLAS002-100x67.jpg 100w\" sizes=\"(max-width: 1024px) 100vw, 1024px\" \/><figcaption>Tomasz Plasa<br>Mened\u017cer, specjalista sanacji i restrukturyzacji firm produkcyjnych<br><strong>Dlaczego warto anga\u017cowa\u0107 si\u0119 w polityk\u0119<\/strong><\/figcaption><\/figure>\n<\/figure>\n\n\n\n<h3>Cena i zapisy<\/h3>\n\n\n\n<figure class=\"wp-block-table\"><table><tbody><tr><td><strong>Cz\u0142onkowie SAAP<\/strong> (<a href=\"https:\/\/aiesec-alumni.pl\/index.php\/dolacz\/\"><strong>zosta\u0144 cz\u0142onkiem<\/strong><\/a>)<\/td><td><strong>Pozostali<\/strong><\/td><\/tr><tr><td>200 PLN<\/td><td>300 PLN<\/td><\/tr><\/tbody><\/table><\/figure>\n\n\n\n<p><strong>Cena obejmuje:<\/strong><\/p>\n\n\n\n<ul><li>Uczestnictwo w Kongresie<\/li><li>Przerwy kawowe<\/li><li>Lunch<\/li><li>Kolacj\u0119<\/li><li>Imprez\u0119 z DJem<\/li><\/ul>\n\n\n\n<p class=\"has-text-align-center has-vivid-red-color has-text-color\"><strong>Rejestracja na Kongres 2025 zako\u0144czona<\/strong>. <strong>Zapraszamy serdecznie za rok!<\/strong><\/p>\n","protected":false},"excerpt":{"rendered":"<p>Zapraszamy wszystkich Alumni AIESEC oraz Sympatyk\u00f3w na wyj\u0105tkowe wydarzenie &#8211; Kongres Alumni AIESEC Polska! Kiedy? Sobota, 5 kwietnia 2025 Gdzie? Warszawa, ul. Szwedzka 2\/4, Kwadrat Praski Co nas czeka? Inspiruj\u0105cy m\u00f3wcy Wyj\u0105tkowy networking Praktyczne warsztaty Dyskusje na wa\u017cne tematy Wybory [&hellip;]<\/p>\n","protected":false},"author":6,"featured_media":1306,"parent":0,"menu_order":0,"comment_status":"closed","ping_status":"closed","template":"page-templates\/single-project.php","meta":[],"yoast_head":"<!-- This site is optimized with the Yoast SEO plugin v19.4 - https:\/\/yoast.com\/wordpress\/plugins\/seo\/ -->\n<title>Alumni Congress - AIESEC Alumni Poland<\/title>\n<meta name=\"robots\" content=\"index, follow, max-snippet:-1, max-image-preview:large, max-video-preview:-1\" \/>\n<link rel=\"canonical\" href=\"https:\/\/aiesec-alumni.pl\/index.php\/congress\/\" \/>\n<meta property=\"og:locale\" content=\"en_US\" \/>\n<meta property=\"og:type\" content=\"article\" \/>\n<meta property=\"og:title\" content=\"Alumni Congress - AIESEC Alumni Poland\" \/>\n<meta property=\"og:description\" content=\"Zapraszamy wszystkich Alumni AIESEC oraz Sympatyk\u00f3w na wyj\u0105tkowe wydarzenie &#8211; Kongres Alumni AIESEC Polska! Kiedy? Sobota, 5 kwietnia 2025 Gdzie? Warszawa, ul. Szwedzka 2\/4, Kwadrat Praski Co nas czeka? Inspiruj\u0105cy m\u00f3wcy Wyj\u0105tkowy networking Praktyczne warsztaty Dyskusje na wa\u017cne tematy Wybory [&hellip;]\" \/>\n<meta property=\"og:url\" content=\"https:\/\/aiesec-alumni.pl\/index.php\/congress\/\" \/>\n<meta property=\"og:site_name\" content=\"AIESEC Alumni Poland\" \/>\n<meta property=\"article:modified_time\" content=\"2025-04-14T17:13:18+00:00\" \/>\n<meta property=\"og:image\" content=\"https:\/\/aiesec-alumni.pl\/wp-content\/uploads\/2024\/11\/photo1-1.jpg\" \/>\n\t<meta property=\"og:image:width\" content=\"926\" \/>\n\t<meta property=\"og:image:height\" content=\"616\" \/>\n\t<meta property=\"og:image:type\" content=\"image\/jpeg\" \/>\n<meta name=\"twitter:card\" content=\"summary_large_image\" \/>\n<meta name=\"twitter:label1\" content=\"Est. reading time\" \/>\n\t<meta name=\"twitter:data1\" content=\"3 minutes\" \/>\n<script type=\"application\/ld+json\" class=\"yoast-schema-graph\">{\"@context\":\"https:\/\/schema.org\",\"@graph\":[{\"@type\":\"Organization\",\"@id\":\"https:\/\/aiesec-alumni.pl\/#organization\",\"name\":\"AIESEC Alumni Poland\",\"url\":\"https:\/\/aiesec-alumni.pl\/\",\"sameAs\":[],\"logo\":{\"@type\":\"ImageObject\",\"inLanguage\":\"en-US\",\"@id\":\"https:\/\/aiesec-alumni.pl\/#\/schema\/logo\/image\/\",\"url\":\"https:\/\/aiesec-alumni.pl\/wp-content\/uploads\/2019\/11\/cropped-logo.png\",\"contentUrl\":\"https:\/\/aiesec-alumni.pl\/wp-content\/uploads\/2019\/11\/cropped-logo.png\",\"width\":200,\"height\":80,\"caption\":\"AIESEC Alumni Poland\"},\"image\":{\"@id\":\"https:\/\/aiesec-alumni.pl\/#\/schema\/logo\/image\/\"}},{\"@type\":\"WebSite\",\"@id\":\"https:\/\/aiesec-alumni.pl\/#website\",\"url\":\"https:\/\/aiesec-alumni.pl\/\",\"name\":\"AIESEC Alumni Poland\",\"description\":\"AIESEC Alumni Poland Association website\",\"publisher\":{\"@id\":\"https:\/\/aiesec-alumni.pl\/#organization\"},\"potentialAction\":[{\"@type\":\"SearchAction\",\"target\":{\"@type\":\"EntryPoint\",\"urlTemplate\":\"https:\/\/aiesec-alumni.pl\/?s={search_term_string}\"},\"query-input\":\"required name=search_term_string\"}],\"inLanguage\":\"en-US\"},{\"@type\":\"WebPage\",\"@id\":\"https:\/\/aiesec-alumni.pl\/index.php\/congress\/\",\"url\":\"https:\/\/aiesec-alumni.pl\/index.php\/congress\/\",\"name\":\"Alumni Congress - AIESEC Alumni Poland\",\"isPartOf\":{\"@id\":\"https:\/\/aiesec-alumni.pl\/#website\"},\"datePublished\":\"2025-02-01T09:05:33+00:00\",\"dateModified\":\"2025-04-14T17:13:18+00:00\",\"breadcrumb\":{\"@id\":\"https:\/\/aiesec-alumni.pl\/index.php\/congress\/#breadcrumb\"},\"inLanguage\":\"en-US\",\"potentialAction\":[{\"@type\":\"ReadAction\",\"target\":[\"https:\/\/aiesec-alumni.pl\/index.php\/congress\/\"]}]},{\"@type\":\"BreadcrumbList\",\"@id\":\"https:\/\/aiesec-alumni.pl\/index.php\/congress\/#breadcrumb\",\"itemListElement\":[{\"@type\":\"ListItem\",\"position\":1,\"name\":\"Strona g\u0142\u00f3wna\",\"item\":\"https:\/\/aiesec-alumni.pl\/\"},{\"@type\":\"ListItem\",\"position\":2,\"name\":\"Alumni Congress\"}]}]}<\/script>\n<!-- \/ Yoast SEO plugin. -->","yoast_head_json":{"title":"Alumni Congress - AIESEC Alumni Poland","robots":{"index":"index","follow":"follow","max-snippet":"max-snippet:-1","max-image-preview":"max-image-preview:large","max-video-preview":"max-video-preview:-1"},"canonical":"https:\/\/aiesec-alumni.pl\/index.php\/congress\/","og_locale":"en_US","og_type":"article","og_title":"Alumni Congress - AIESEC Alumni Poland","og_description":"Zapraszamy wszystkich Alumni AIESEC oraz Sympatyk\u00f3w na wyj\u0105tkowe wydarzenie &#8211; Kongres Alumni AIESEC Polska! Kiedy? Sobota, 5 kwietnia 2025 Gdzie? Warszawa, ul. Szwedzka 2\/4, Kwadrat Praski Co nas czeka? Inspiruj\u0105cy m\u00f3wcy Wyj\u0105tkowy networking Praktyczne warsztaty Dyskusje na wa\u017cne tematy Wybory [&hellip;]","og_url":"https:\/\/aiesec-alumni.pl\/index.php\/congress\/","og_site_name":"AIESEC Alumni Poland","article_modified_time":"2025-04-14T17:13:18+00:00","og_image":[{"width":926,"height":616,"url":"https:\/\/aiesec-alumni.pl\/wp-content\/uploads\/2024\/11\/photo1-1.jpg","type":"image\/jpeg"}],"twitter_card":"summary_large_image","twitter_misc":{"Est. reading time":"3 minutes"},"schema":{"@context":"https:\/\/schema.org","@graph":[{"@type":"Organization","@id":"https:\/\/aiesec-alumni.pl\/#organization","name":"AIESEC Alumni Poland","url":"https:\/\/aiesec-alumni.pl\/","sameAs":[],"logo":{"@type":"ImageObject","inLanguage":"en-US","@id":"https:\/\/aiesec-alumni.pl\/#\/schema\/logo\/image\/","url":"https:\/\/aiesec-alumni.pl\/wp-content\/uploads\/2019\/11\/cropped-logo.png","contentUrl":"https:\/\/aiesec-alumni.pl\/wp-content\/uploads\/2019\/11\/cropped-logo.png","width":200,"height":80,"caption":"AIESEC Alumni Poland"},"image":{"@id":"https:\/\/aiesec-alumni.pl\/#\/schema\/logo\/image\/"}},{"@type":"WebSite","@id":"https:\/\/aiesec-alumni.pl\/#website","url":"https:\/\/aiesec-alumni.pl\/","name":"AIESEC Alumni Poland","description":"AIESEC Alumni Poland Association website","publisher":{"@id":"https:\/\/aiesec-alumni.pl\/#organization"},"potentialAction":[{"@type":"SearchAction","target":{"@type":"EntryPoint","urlTemplate":"https:\/\/aiesec-alumni.pl\/?s={search_term_string}"},"query-input":"required name=search_term_string"}],"inLanguage":"en-US"},{"@type":"WebPage","@id":"https:\/\/aiesec-alumni.pl\/index.php\/congress\/","url":"https:\/\/aiesec-alumni.pl\/index.php\/congress\/","name":"Alumni Congress - AIESEC Alumni Poland","isPartOf":{"@id":"https:\/\/aiesec-alumni.pl\/#website"},"datePublished":"2025-02-01T09:05:33+00:00","dateModified":"2025-04-14T17:13:18+00:00","breadcrumb":{"@id":"https:\/\/aiesec-alumni.pl\/index.php\/congress\/#breadcrumb"},"inLanguage":"en-US","potentialAction":[{"@type":"ReadAction","target":["https:\/\/aiesec-alumni.pl\/index.php\/congress\/"]}]},{"@type":"BreadcrumbList","@id":"https:\/\/aiesec-alumni.pl\/index.php\/congress\/#breadcrumb","itemListElement":[{"@type":"ListItem","position":1,"name":"Strona g\u0142\u00f3wna","item":"https:\/\/aiesec-alumni.pl\/"},{"@type":"ListItem","position":2,"name":"Alumni Congress"}]}]}},"_links":{"self":[{"href":"https:\/\/aiesec-alumni.pl\/index.php\/wp-json\/wp\/v2\/pages\/1318"}],"collection":[{"href":"https:\/\/aiesec-alumni.pl\/index.php\/wp-json\/wp\/v2\/pages"}],"about":[{"href":"https:\/\/aiesec-alumni.pl\/index.php\/wp-json\/wp\/v2\/types\/page"}],"author":[{"embeddable":true,"href":"https:\/\/aiesec-alumni.pl\/index.php\/wp-json\/wp\/v2\/users\/6"}],"replies":[{"embeddable":true,"href":"https:\/\/aiesec-alumni.pl\/index.php\/wp-json\/wp\/v2\/comments?post=1318"}],"version-history":[{"count":58,"href":"https:\/\/aiesec-alumni.pl\/index.php\/wp-json\/wp\/v2\/pages\/1318\/revisions"}],"predecessor-version":[{"id":1420,"href":"https:\/\/aiesec-alumni.pl\/index.php\/wp-json\/wp\/v2\/pages\/1318\/revisions\/1420"}],"wp:featuredmedia":[{"embeddable":true,"href":"https:\/\/aiesec-alumni.pl\/index.php\/wp-json\/wp\/v2\/media\/1306"}],"wp:attachment":[{"href":"https:\/\/aiesec-alumni.pl\/index.php\/wp-json\/wp\/v2\/media?parent=1318"}],"curies":[{"name":"wp","href":"https:\/\/api.w.org\/{rel}","templated":true}]}}