{"id":2,"date":"2016-06-07T14:56:01","date_gmt":"2016-06-07T12:56:01","guid":{"rendered":"http:\/\/aiesec-alumni.pl\/?page_id=2"},"modified":"2025-04-14T19:14:29","modified_gmt":"2025-04-14T17:14:29","slug":"o-nas","status":"publish","type":"page","link":"https:\/\/aiesec-alumni.pl\/index.php\/o-nas\/","title":{"rendered":"About us"},"content":{"rendered":"\n<p><em>(wersja polska poni\u017cej)<\/em><\/p>\n\n\n\n<p>AIESEC Alumni Association of Poland, established in 2007, gathers former members of the largest student-run global organization &#8211; AIESEC.<\/p>\n\n\n\n<p>Promoting the core values of AIESEC, we work to create an active and modern society in Poland, in particular through the implementation of tasks in the following areas:<\/p>\n\n\n\n<ul><li>economic development, including the development of entrepreneurship;<\/li><li>development of local communities;<\/li><li>promotion of science and scientific research, education and upbringing;<\/li><li>protection and promotion of human rights, freedom and civil liberties, as well as<br>supporting the development of democracy;<\/li><li>European integration and the development of cooperation between societies;<\/li><li>presentation and development of Polish culture in the country and abroad;<\/li><\/ul>\n\n\n\n<p>Our aim is to develop a platform allowing to capitalize on the potential built by Alumni throughout the 50 years of AIESEC&#8217;s existence in Poland.<\/p>\n\n\n\n<p>Our Executive Board:<\/p>\n\n\n\n<ul><li>Tomasz Klisiewicz (President)<\/li><li>Renata Maroszek<\/li><li>Zbigniew Glinka<\/li><li>Marek Hojnacki <\/li><li>Piotr Konopka<\/li><li>Monika Oczkowska-McNeal<\/li><\/ul>\n\n\n\n<p>See our <a href=\"https:\/\/drive.google.com\/file\/d\/1s0cdedqfSyDaHVAUhd81ZjmI5bT42NUa\/view?usp=sharing\">articles of association (in Polish)<\/a>.<\/p>\n\n\n\n<p><strong>Polish version:<\/strong><\/p>\n\n\n\n<p>Stowarzyszenie Alumni AIESEC Polska, zawi\u0105zane w 2007 roku, skupia by\u0142ych cz\u0142onk\u00f3w najwi\u0119kszej prowadzonej przez student\u00f3w, globalnej organizacji AIESEC.<\/p>\n\n\n\n<p>Propaguj\u0105c warto\u015bci AIESEC-u, dzia\u0142amy na rzecz tworzenia zaanga\u017cowanego i nowoczesnego spo\u0142ecze\u0144stwa w Polsce, w szczeg\u00f3lno\u015bci poprzez realizacj\u0119 zada\u0144 w zakresie:<\/p>\n\n\n\n<ul><li>wspomagania rozwoju gospodarczego, w tym rozwoju przedsi\u0119biorczo\u015bci;<\/li><li>wspomagania rozwoju wsp\u00f3lnot i spo\u0142eczno\u015bci lokalnych;<\/li><li>wspierania nauki i badan naukowych, edukacji, o\u015bwiaty i wychowania;<\/li><li>upowszechniania i ochrony wolno\u015bci i praw cz\u0142owieka oraz swob\u00f3d obywatelskich, a tak\u017ce<br>dzia\u0142a\u0144 wspomagaj\u0105cych rozw\u00f3j demokracji;<\/li><li>dzia\u0142a\u0144 na rzecz integracji europejskiej oraz rozwijania kontakt\u00f3w i wsp\u00f3\u0142pracy mi\u0119dzy spo\u0142ecze\u0144stwami;<\/li><li>upowszechniania i rozwijania kultury polskiej w kraju i zagranic\u0105;<\/li><li>wspierania dzia\u0142alno\u015bci charytatywnej, oraz promocji i organizacji wolontariatu.<\/li><\/ul>\n\n\n\n<p>Zarz\u0105d Stowarzyszenia:<\/p>\n\n\n\n<ul><li>Tomasz Klisiewicz (prezes)<\/li><li>Renata Maroszek<\/li><li>Zbigniew Glinka<\/li><li>Marek Hojnacki <\/li><li>Piotr Konopka<\/li><li>Monika Oczkowska-McNeal<\/li><\/ul>\n","protected":false},"excerpt":{"rendered":"<p>(wersja polska poni\u017cej) AIESEC Alumni Association of Poland, established in 2007, gathers former members of the largest student-run global organization &#8211; AIESEC. Promoting the core values of AIESEC, we work to create an active and modern society in Poland, in [&hellip;]<\/p>\n","protected":false},"author":1,"featured_media":0,"parent":0,"menu_order":0,"comment_status":"closed","ping_status":"closed","template":"","meta":[],"yoast_head":"<!-- This site is optimized with the Yoast SEO plugin v19.4 - https:\/\/yoast.com\/wordpress\/plugins\/seo\/ -->\n<title>About us - AIESEC Alumni Poland<\/title>\n<meta name=\"robots\" content=\"index, follow, max-snippet:-1, max-image-preview:large, max-video-preview:-1\" \/>\n<link rel=\"canonical\" href=\"https:\/\/aiesec-alumni.pl\/index.php\/o-nas\/\" \/>\n<meta property=\"og:locale\" content=\"en_US\" \/>\n<meta property=\"og:type\" content=\"article\" \/>\n<meta property=\"og:title\" content=\"About us - AIESEC Alumni Poland\" \/>\n<meta property=\"og:description\" content=\"(wersja polska poni\u017cej) AIESEC Alumni Association of Poland, established in 2007, gathers former members of the largest student-run global organization &#8211; AIESEC. Promoting the core values of AIESEC, we work to create an active and modern society in Poland, in [&hellip;]\" \/>\n<meta property=\"og:url\" content=\"https:\/\/aiesec-alumni.pl\/index.php\/o-nas\/\" \/>\n<meta property=\"og:site_name\" content=\"AIESEC Alumni Poland\" \/>\n<meta property=\"article:modified_time\" content=\"2025-04-14T17:14:29+00:00\" \/>\n<meta name=\"twitter:card\" content=\"summary_large_image\" \/>\n<meta name=\"twitter:label1\" content=\"Est. reading time\" \/>\n\t<meta name=\"twitter:data1\" content=\"2 minutes\" \/>\n<script type=\"application\/ld+json\" class=\"yoast-schema-graph\">{\"@context\":\"https:\/\/schema.org\",\"@graph\":[{\"@type\":\"Organization\",\"@id\":\"https:\/\/aiesec-alumni.pl\/#organization\",\"name\":\"AIESEC Alumni Poland\",\"url\":\"https:\/\/aiesec-alumni.pl\/\",\"sameAs\":[],\"logo\":{\"@type\":\"ImageObject\",\"inLanguage\":\"en-US\",\"@id\":\"https:\/\/aiesec-alumni.pl\/#\/schema\/logo\/image\/\",\"url\":\"https:\/\/aiesec-alumni.pl\/wp-content\/uploads\/2019\/11\/cropped-logo.png\",\"contentUrl\":\"https:\/\/aiesec-alumni.pl\/wp-content\/uploads\/2019\/11\/cropped-logo.png\",\"width\":200,\"height\":80,\"caption\":\"AIESEC Alumni Poland\"},\"image\":{\"@id\":\"https:\/\/aiesec-alumni.pl\/#\/schema\/logo\/image\/\"}},{\"@type\":\"WebSite\",\"@id\":\"https:\/\/aiesec-alumni.pl\/#website\",\"url\":\"https:\/\/aiesec-alumni.pl\/\",\"name\":\"AIESEC Alumni Poland\",\"description\":\"AIESEC Alumni Poland Association website\",\"publisher\":{\"@id\":\"https:\/\/aiesec-alumni.pl\/#organization\"},\"potentialAction\":[{\"@type\":\"SearchAction\",\"target\":{\"@type\":\"EntryPoint\",\"urlTemplate\":\"https:\/\/aiesec-alumni.pl\/?s={search_term_string}\"},\"query-input\":\"required name=search_term_string\"}],\"inLanguage\":\"en-US\"},{\"@type\":\"WebPage\",\"@id\":\"https:\/\/aiesec-alumni.pl\/index.php\/o-nas\/\",\"url\":\"https:\/\/aiesec-alumni.pl\/index.php\/o-nas\/\",\"name\":\"About us - AIESEC Alumni Poland\",\"isPartOf\":{\"@id\":\"https:\/\/aiesec-alumni.pl\/#website\"},\"datePublished\":\"2016-06-07T12:56:01+00:00\",\"dateModified\":\"2025-04-14T17:14:29+00:00\",\"breadcrumb\":{\"@id\":\"https:\/\/aiesec-alumni.pl\/index.php\/o-nas\/#breadcrumb\"},\"inLanguage\":\"en-US\",\"potentialAction\":[{\"@type\":\"ReadAction\",\"target\":[\"https:\/\/aiesec-alumni.pl\/index.php\/o-nas\/\"]}]},{\"@type\":\"BreadcrumbList\",\"@id\":\"https:\/\/aiesec-alumni.pl\/index.php\/o-nas\/#breadcrumb\",\"itemListElement\":[{\"@type\":\"ListItem\",\"position\":1,\"name\":\"Strona g\u0142\u00f3wna\",\"item\":\"https:\/\/aiesec-alumni.pl\/\"},{\"@type\":\"ListItem\",\"position\":2,\"name\":\"About us\"}]}]}<\/script>\n<!-- \/ Yoast SEO plugin. -->","yoast_head_json":{"title":"About us - AIESEC Alumni Poland","robots":{"index":"index","follow":"follow","max-snippet":"max-snippet:-1","max-image-preview":"max-image-preview:large","max-video-preview":"max-video-preview:-1"},"canonical":"https:\/\/aiesec-alumni.pl\/index.php\/o-nas\/","og_locale":"en_US","og_type":"article","og_title":"About us - AIESEC Alumni Poland","og_description":"(wersja polska poni\u017cej) AIESEC Alumni Association of Poland, established in 2007, gathers former members of the largest student-run global organization &#8211; AIESEC. Promoting the core values of AIESEC, we work to create an active and modern society in Poland, in [&hellip;]","og_url":"https:\/\/aiesec-alumni.pl\/index.php\/o-nas\/","og_site_name":"AIESEC Alumni Poland","article_modified_time":"2025-04-14T17:14:29+00:00","twitter_card":"summary_large_image","twitter_misc":{"Est. reading time":"2 minutes"},"schema":{"@context":"https:\/\/schema.org","@graph":[{"@type":"Organization","@id":"https:\/\/aiesec-alumni.pl\/#organization","name":"AIESEC Alumni Poland","url":"https:\/\/aiesec-alumni.pl\/","sameAs":[],"logo":{"@type":"ImageObject","inLanguage":"en-US","@id":"https:\/\/aiesec-alumni.pl\/#\/schema\/logo\/image\/","url":"https:\/\/aiesec-alumni.pl\/wp-content\/uploads\/2019\/11\/cropped-logo.png","contentUrl":"https:\/\/aiesec-alumni.pl\/wp-content\/uploads\/2019\/11\/cropped-logo.png","width":200,"height":80,"caption":"AIESEC Alumni Poland"},"image":{"@id":"https:\/\/aiesec-alumni.pl\/#\/schema\/logo\/image\/"}},{"@type":"WebSite","@id":"https:\/\/aiesec-alumni.pl\/#website","url":"https:\/\/aiesec-alumni.pl\/","name":"AIESEC Alumni Poland","description":"AIESEC Alumni Poland Association website","publisher":{"@id":"https:\/\/aiesec-alumni.pl\/#organization"},"potentialAction":[{"@type":"SearchAction","target":{"@type":"EntryPoint","urlTemplate":"https:\/\/aiesec-alumni.pl\/?s={search_term_string}"},"query-input":"required name=search_term_string"}],"inLanguage":"en-US"},{"@type":"WebPage","@id":"https:\/\/aiesec-alumni.pl\/index.php\/o-nas\/","url":"https:\/\/aiesec-alumni.pl\/index.php\/o-nas\/","name":"About us - AIESEC Alumni Poland","isPartOf":{"@id":"https:\/\/aiesec-alumni.pl\/#website"},"datePublished":"2016-06-07T12:56:01+00:00","dateModified":"2025-04-14T17:14:29+00:00","breadcrumb":{"@id":"https:\/\/aiesec-alumni.pl\/index.php\/o-nas\/#breadcrumb"},"inLanguage":"en-US","potentialAction":[{"@type":"ReadAction","target":["https:\/\/aiesec-alumni.pl\/index.php\/o-nas\/"]}]},{"@type":"BreadcrumbList","@id":"https:\/\/aiesec-alumni.pl\/index.php\/o-nas\/#breadcrumb","itemListElement":[{"@type":"ListItem","position":1,"name":"Strona g\u0142\u00f3wna","item":"https:\/\/aiesec-alumni.pl\/"},{"@type":"ListItem","position":2,"name":"About us"}]}]}},"_links":{"self":[{"href":"https:\/\/aiesec-alumni.pl\/index.php\/wp-json\/wp\/v2\/pages\/2"}],"collection":[{"href":"https:\/\/aiesec-alumni.pl\/index.php\/wp-json\/wp\/v2\/pages"}],"about":[{"href":"https:\/\/aiesec-alumni.pl\/index.php\/wp-json\/wp\/v2\/types\/page"}],"author":[{"embeddable":true,"href":"https:\/\/aiesec-alumni.pl\/index.php\/wp-json\/wp\/v2\/users\/1"}],"replies":[{"embeddable":true,"href":"https:\/\/aiesec-alumni.pl\/index.php\/wp-json\/wp\/v2\/comments?post=2"}],"version-history":[{"count":18,"href":"https:\/\/aiesec-alumni.pl\/index.php\/wp-json\/wp\/v2\/pages\/2\/revisions"}],"predecessor-version":[{"id":1421,"href":"https:\/\/aiesec-alumni.pl\/index.php\/wp-json\/wp\/v2\/pages\/2\/revisions\/1421"}],"wp:attachment":[{"href":"https:\/\/aiesec-alumni.pl\/index.php\/wp-json\/wp\/v2\/media?parent=2"}],"curies":[{"name":"wp","href":"https:\/\/api.w.org\/{rel}","templated":true}]}}