{"id":228,"date":"2016-02-16T16:04:16","date_gmt":"2016-02-16T15:04:16","guid":{"rendered":"http:\/\/demo.athemes.com\/astrid\/?page_id=228"},"modified":"2019-11-26T20:43:58","modified_gmt":"2019-11-26T19:43:58","slug":"renata-maroszek-2","status":"publish","type":"page","link":"https:\/\/aiesec-alumni.pl\/index.php\/renata-maroszek-2\/","title":{"rendered":"Renata Maroszek"},"content":{"rendered":"<p>Prezes zarz\u0105du <span class=\"il\">SAAP<\/span><\/p>\n<p>Jako cz\u0142onkini zarz\u0105du SAAP, Renata skupia si\u0119 na kwestiach organizacyjnych Stowarzyszenia, dbaj\u0105c o sprawy formalne i &#8220;infrastruktur\u0119&#8221; organizacji &#8211; kana\u0142y komunikacji z alumni, stron\u0119 internetow\u0105 oraz anga\u017cowanie do realizacji projekt\u00f3w aktywnych alumnaj\u00f3w. Podtrzymuje wsp\u00f3\u0142prac\u0119 z AIESEC Polska, AIESEC Alumni Europe i AIESEC Alumni International. Dzia\u0142a w SAAP, poniewa\u017c uwa\u017ca, \u017ce warto\u015bci AIESEC-u s\u0105 bardzo cenne i nale\u017cy je aktywnie propagowa\u0107.<\/p>\n<p>Jej do\u015bwiadczenia w AIESEC-u to, mi\u0119dzy innymi:<\/p>\n<ul>\n<li>LC SGPiS Reception Officer, lato 1987<\/li>\n<li>LC SGPiS Exchange Controller, 1988-89<\/li>\n<li>AIESEC Polska National Committee Exchange Controller, 1989\/90<\/li>\n<li>organizatorka kilku tzw. spotka\u0144 &#8220;dop\u00f3\u0142rocznych&#8221; alumnaj\u00f3w, w latach 1992-95<\/li>\n<\/ul>\n<p>Zawodowo, Renata ma ponad 20 lat do\u015bwiadczenia w sprawowaniu funkcji zarz\u0105dczych w Polsce i za granic\u0105. Obecnie prowadzi dzia\u0142alno\u015b\u0107 doradcz\u0105 (link do https:\/\/www.linkedin.com\/in\/renatamaroszek).<\/p>\n","protected":false},"excerpt":{"rendered":"<p>Prezes zarz\u0105du SAAP Jako cz\u0142onkini zarz\u0105du SAAP, Renata skupia si\u0119 na kwestiach organizacyjnych Stowarzyszenia, dbaj\u0105c o sprawy formalne i &#8220;infrastruktur\u0119&#8221; organizacji &#8211; kana\u0142y komunikacji z alumni, stron\u0119 internetow\u0105 oraz anga\u017cowanie do realizacji projekt\u00f3w aktywnych alumnaj\u00f3w. Podtrzymuje wsp\u00f3\u0142prac\u0119 z AIESEC Polska, [&hellip;]<\/p>\n","protected":false},"author":1,"featured_media":278,"parent":0,"menu_order":2,"comment_status":"closed","ping_status":"closed","template":"page-templates\/single-employee.php","meta":[],"yoast_head":"<!-- This site is optimized with the Yoast SEO plugin v19.4 - https:\/\/yoast.com\/wordpress\/plugins\/seo\/ -->\n<title>Renata Maroszek - AIESEC Alumni Poland<\/title>\n<meta name=\"robots\" content=\"index, follow, max-snippet:-1, max-image-preview:large, max-video-preview:-1\" \/>\n<link rel=\"canonical\" href=\"https:\/\/aiesec-alumni.pl\/index.php\/renata-maroszek-2\/\" \/>\n<meta property=\"og:locale\" content=\"en_US\" \/>\n<meta property=\"og:type\" content=\"article\" \/>\n<meta property=\"og:title\" content=\"Renata Maroszek - AIESEC Alumni Poland\" \/>\n<meta property=\"og:description\" content=\"Prezes zarz\u0105du SAAP Jako cz\u0142onkini zarz\u0105du SAAP, Renata skupia si\u0119 na kwestiach organizacyjnych Stowarzyszenia, dbaj\u0105c o sprawy formalne i &#8220;infrastruktur\u0119&#8221; organizacji &#8211; kana\u0142y komunikacji z alumni, stron\u0119 internetow\u0105 oraz anga\u017cowanie do realizacji projekt\u00f3w aktywnych alumnaj\u00f3w. Podtrzymuje wsp\u00f3\u0142prac\u0119 z AIESEC Polska, [&hellip;]\" \/>\n<meta property=\"og:url\" content=\"https:\/\/aiesec-alumni.pl\/index.php\/renata-maroszek-2\/\" \/>\n<meta property=\"og:site_name\" content=\"AIESEC Alumni Poland\" \/>\n<meta property=\"article:modified_time\" content=\"2019-11-26T19:43:58+00:00\" \/>\n<meta property=\"og:image\" content=\"https:\/\/aiesec-alumni.pl\/wp-content\/uploads\/2016\/06\/Renata-Maroszek-e1574797488610.jpg\" \/>\n\t<meta property=\"og:image:width\" content=\"100\" \/>\n\t<meta property=\"og:image:height\" content=\"152\" \/>\n\t<meta property=\"og:image:type\" content=\"image\/jpeg\" \/>\n<meta name=\"twitter:card\" content=\"summary_large_image\" \/>\n<meta name=\"twitter:label1\" content=\"Est. reading time\" \/>\n\t<meta name=\"twitter:data1\" content=\"1 minute\" \/>\n<script type=\"application\/ld+json\" class=\"yoast-schema-graph\">{\"@context\":\"https:\/\/schema.org\",\"@graph\":[{\"@type\":\"Organization\",\"@id\":\"https:\/\/aiesec-alumni.pl\/#organization\",\"name\":\"AIESEC Alumni Poland\",\"url\":\"https:\/\/aiesec-alumni.pl\/\",\"sameAs\":[],\"logo\":{\"@type\":\"ImageObject\",\"inLanguage\":\"en-US\",\"@id\":\"https:\/\/aiesec-alumni.pl\/#\/schema\/logo\/image\/\",\"url\":\"https:\/\/aiesec-alumni.pl\/wp-content\/uploads\/2019\/11\/cropped-logo.png\",\"contentUrl\":\"https:\/\/aiesec-alumni.pl\/wp-content\/uploads\/2019\/11\/cropped-logo.png\",\"width\":200,\"height\":80,\"caption\":\"AIESEC Alumni Poland\"},\"image\":{\"@id\":\"https:\/\/aiesec-alumni.pl\/#\/schema\/logo\/image\/\"}},{\"@type\":\"WebSite\",\"@id\":\"https:\/\/aiesec-alumni.pl\/#website\",\"url\":\"https:\/\/aiesec-alumni.pl\/\",\"name\":\"AIESEC Alumni Poland\",\"description\":\"AIESEC Alumni Poland Association website\",\"publisher\":{\"@id\":\"https:\/\/aiesec-alumni.pl\/#organization\"},\"potentialAction\":[{\"@type\":\"SearchAction\",\"target\":{\"@type\":\"EntryPoint\",\"urlTemplate\":\"https:\/\/aiesec-alumni.pl\/?s={search_term_string}\"},\"query-input\":\"required name=search_term_string\"}],\"inLanguage\":\"en-US\"},{\"@type\":\"WebPage\",\"@id\":\"https:\/\/aiesec-alumni.pl\/index.php\/renata-maroszek-2\/\",\"url\":\"https:\/\/aiesec-alumni.pl\/index.php\/renata-maroszek-2\/\",\"name\":\"Renata Maroszek - AIESEC Alumni Poland\",\"isPartOf\":{\"@id\":\"https:\/\/aiesec-alumni.pl\/#website\"},\"datePublished\":\"2016-02-16T15:04:16+00:00\",\"dateModified\":\"2019-11-26T19:43:58+00:00\",\"breadcrumb\":{\"@id\":\"https:\/\/aiesec-alumni.pl\/index.php\/renata-maroszek-2\/#breadcrumb\"},\"inLanguage\":\"en-US\",\"potentialAction\":[{\"@type\":\"ReadAction\",\"target\":[\"https:\/\/aiesec-alumni.pl\/index.php\/renata-maroszek-2\/\"]}]},{\"@type\":\"BreadcrumbList\",\"@id\":\"https:\/\/aiesec-alumni.pl\/index.php\/renata-maroszek-2\/#breadcrumb\",\"itemListElement\":[{\"@type\":\"ListItem\",\"position\":1,\"name\":\"Strona g\u0142\u00f3wna\",\"item\":\"https:\/\/aiesec-alumni.pl\/\"},{\"@type\":\"ListItem\",\"position\":2,\"name\":\"Renata Maroszek\"}]}]}<\/script>\n<!-- \/ Yoast SEO plugin. -->","yoast_head_json":{"title":"Renata Maroszek - AIESEC Alumni Poland","robots":{"index":"index","follow":"follow","max-snippet":"max-snippet:-1","max-image-preview":"max-image-preview:large","max-video-preview":"max-video-preview:-1"},"canonical":"https:\/\/aiesec-alumni.pl\/index.php\/renata-maroszek-2\/","og_locale":"en_US","og_type":"article","og_title":"Renata Maroszek - AIESEC Alumni Poland","og_description":"Prezes zarz\u0105du SAAP Jako cz\u0142onkini zarz\u0105du SAAP, Renata skupia si\u0119 na kwestiach organizacyjnych Stowarzyszenia, dbaj\u0105c o sprawy formalne i &#8220;infrastruktur\u0119&#8221; organizacji &#8211; kana\u0142y komunikacji z alumni, stron\u0119 internetow\u0105 oraz anga\u017cowanie do realizacji projekt\u00f3w aktywnych alumnaj\u00f3w. Podtrzymuje wsp\u00f3\u0142prac\u0119 z AIESEC Polska, [&hellip;]","og_url":"https:\/\/aiesec-alumni.pl\/index.php\/renata-maroszek-2\/","og_site_name":"AIESEC Alumni Poland","article_modified_time":"2019-11-26T19:43:58+00:00","og_image":[{"width":100,"height":152,"url":"https:\/\/aiesec-alumni.pl\/wp-content\/uploads\/2016\/06\/Renata-Maroszek-e1574797488610.jpg","type":"image\/jpeg"}],"twitter_card":"summary_large_image","twitter_misc":{"Est. reading time":"1 minute"},"schema":{"@context":"https:\/\/schema.org","@graph":[{"@type":"Organization","@id":"https:\/\/aiesec-alumni.pl\/#organization","name":"AIESEC Alumni Poland","url":"https:\/\/aiesec-alumni.pl\/","sameAs":[],"logo":{"@type":"ImageObject","inLanguage":"en-US","@id":"https:\/\/aiesec-alumni.pl\/#\/schema\/logo\/image\/","url":"https:\/\/aiesec-alumni.pl\/wp-content\/uploads\/2019\/11\/cropped-logo.png","contentUrl":"https:\/\/aiesec-alumni.pl\/wp-content\/uploads\/2019\/11\/cropped-logo.png","width":200,"height":80,"caption":"AIESEC Alumni Poland"},"image":{"@id":"https:\/\/aiesec-alumni.pl\/#\/schema\/logo\/image\/"}},{"@type":"WebSite","@id":"https:\/\/aiesec-alumni.pl\/#website","url":"https:\/\/aiesec-alumni.pl\/","name":"AIESEC Alumni Poland","description":"AIESEC Alumni Poland Association website","publisher":{"@id":"https:\/\/aiesec-alumni.pl\/#organization"},"potentialAction":[{"@type":"SearchAction","target":{"@type":"EntryPoint","urlTemplate":"https:\/\/aiesec-alumni.pl\/?s={search_term_string}"},"query-input":"required name=search_term_string"}],"inLanguage":"en-US"},{"@type":"WebPage","@id":"https:\/\/aiesec-alumni.pl\/index.php\/renata-maroszek-2\/","url":"https:\/\/aiesec-alumni.pl\/index.php\/renata-maroszek-2\/","name":"Renata Maroszek - AIESEC Alumni Poland","isPartOf":{"@id":"https:\/\/aiesec-alumni.pl\/#website"},"datePublished":"2016-02-16T15:04:16+00:00","dateModified":"2019-11-26T19:43:58+00:00","breadcrumb":{"@id":"https:\/\/aiesec-alumni.pl\/index.php\/renata-maroszek-2\/#breadcrumb"},"inLanguage":"en-US","potentialAction":[{"@type":"ReadAction","target":["https:\/\/aiesec-alumni.pl\/index.php\/renata-maroszek-2\/"]}]},{"@type":"BreadcrumbList","@id":"https:\/\/aiesec-alumni.pl\/index.php\/renata-maroszek-2\/#breadcrumb","itemListElement":[{"@type":"ListItem","position":1,"name":"Strona g\u0142\u00f3wna","item":"https:\/\/aiesec-alumni.pl\/"},{"@type":"ListItem","position":2,"name":"Renata Maroszek"}]}]}},"_links":{"self":[{"href":"https:\/\/aiesec-alumni.pl\/index.php\/wp-json\/wp\/v2\/pages\/228"}],"collection":[{"href":"https:\/\/aiesec-alumni.pl\/index.php\/wp-json\/wp\/v2\/pages"}],"about":[{"href":"https:\/\/aiesec-alumni.pl\/index.php\/wp-json\/wp\/v2\/types\/page"}],"author":[{"embeddable":true,"href":"https:\/\/aiesec-alumni.pl\/index.php\/wp-json\/wp\/v2\/users\/1"}],"replies":[{"embeddable":true,"href":"https:\/\/aiesec-alumni.pl\/index.php\/wp-json\/wp\/v2\/comments?post=228"}],"version-history":[{"count":2,"href":"https:\/\/aiesec-alumni.pl\/index.php\/wp-json\/wp\/v2\/pages\/228\/revisions"}],"predecessor-version":[{"id":347,"href":"https:\/\/aiesec-alumni.pl\/index.php\/wp-json\/wp\/v2\/pages\/228\/revisions\/347"}],"wp:featuredmedia":[{"embeddable":true,"href":"https:\/\/aiesec-alumni.pl\/index.php\/wp-json\/wp\/v2\/media\/278"}],"wp:attachment":[{"href":"https:\/\/aiesec-alumni.pl\/index.php\/wp-json\/wp\/v2\/media?parent=228"}],"curies":[{"name":"wp","href":"https:\/\/api.w.org\/{rel}","templated":true}]}}