{"id":595,"date":"2021-05-01T14:53:48","date_gmt":"2021-05-01T12:53:48","guid":{"rendered":"https:\/\/aiesec-alumni.pl\/?page_id=595"},"modified":"2025-07-31T08:40:46","modified_gmt":"2025-07-31T06:40:46","slug":"alumniweekend25","status":"publish","type":"page","link":"https:\/\/aiesec-alumni.pl\/index.php\/alumniweekend25\/","title":{"rendered":"Alumni Weekend"},"content":{"rendered":"\n<p>&#x1f389;&nbsp;<strong>WEEKEND ALUMNI AIESEC POLSKA 2025<\/strong>&nbsp;&#x1f389;<br>&#x1f4c5;&nbsp;26-28 wrze\u015bnia 2025<br>&#x1f4cd; O\u015brodek&nbsp;<strong>U Kubic\u00f3w<\/strong>, Szare \u2013 serce Beskidu \u017bywieckiego<br>&#x1f449;&nbsp;<a href=\"http:\/\/www.ukubicow.pl\/\">www.ukubicow.pl<\/a><\/p>\n\n\n\n<p>Drodzy Alumni!<br>Po raz kolejny zapraszamy Was na&nbsp;<strong>najbardziej wyczekiwane spotkanie roku<\/strong>&nbsp;\u2013&nbsp;<strong>Weekend Alumni AIESEC Polska<\/strong>! Trzy dni w g\u00f3rach, w gronie fantastycznych ludzi, wspomnie\u0144 i networkingowych rozm\u00f3w do rana.<\/p>\n\n\n\n<p>Co Was czeka?<br>&#x1f525; PI\u0104TEK \u2013 integracyjne&nbsp;<strong>ognisko<\/strong>&nbsp;z kie\u0142baskami, gitar\u0105 i \u015bmiechem do p\u00f3\u017ana<br>&#x1f37d;&#xfe0f; SOBOTA \u2013&nbsp;<strong>uroczysta kolacja<\/strong>, a potem&#8230;&nbsp;<strong>epicka impreza taneczna<\/strong>, jakiej nie powstydzi\u0142by si\u0119 \u017caden LC &#x1f60e;<br>&#x1f6cc; Noclegi w&nbsp;<strong>turystycznym standardzie<\/strong>&nbsp;\u2013 nie po to jedziemy, \u017ceby spa\u0107 &#x1f609;<br>&#x1f372; Kuchnia?&nbsp;<strong>Staropolska i syc\u0105ca<\/strong>&nbsp;\u2013 jak u babci, tylko lepiej<\/p>\n\n\n\n<p>&#x1f304; A w wolnym czasie?<br>&#8220;U Kubic\u00f3w&#8221; to \u015bwietna baza wypadowa \u2013 rzut beretem do malowniczych szlak\u00f3w Beskidu \u017bywieckiego, w tym na Hal\u0119 Rysiank\u0119, Romank\u0119 czy Mu\u0144cu\u0142. Do tego blisko\u015b\u0107 granicy ze S\u0142owacj\u0105 daje dodatkowe mo\u017cliwo\u015bci weekendowej przygody!<\/p>\n\n\n\n<p>&#x1f4ac; To spotkanie to nie tylko relaks, ale i szansa na odnowienie kontakt\u00f3w, poznanie nowych Alumni oraz inspiruj\u0105ce rozmowy z lud\u017ami, kt\u00f3rzy \u2013 jak Ty \u2013 kiedy\u015b nosili legendarne t-shirty z napisem AIESEC.<\/p>\n\n\n\n<p>&#x1f3ab; Szczeg\u00f3\u0142y organizacyjne i zapisy ju\u017c wkr\u00f3tce \u2013&nbsp;<strong>zarezerwuj termin i do\u0142\u0105cz do wydarzenia!<\/strong><br>Bo nic nie \u0142\u0105czy tak, jak wsp\u00f3lne wspomnienia. &#x1f499;<\/p>\n\n\n\n<div class=\"wp-container-1 wp-block-buttons\">\n<div class=\"wp-block-button aligncenter\"><a class=\"wp-block-button__link\" href=\"https:\/\/aiesec.sorga.pl\/rekrutacja?r=Wydarzenia\">Zarejestruj si\u0119!<\/a><\/div>\n<\/div>\n\n\n\n<p><\/p>\n\n\n\n<figure class=\"wp-block-table\"><table><tbody><tr><td><\/td><td><\/td><td><strong>2 noce<\/strong><\/td><td><strong>1 noc<\/strong><\/td><\/tr><tr><td><strong>EARLY BIRD ( do 10 sierpnia)<\/strong><\/td><td>SAAP member<br>non-SAAP**<\/td><td>500 PLN<br>550 PLN<\/td><td>370 PLN<br>400 PLN<\/td><\/tr><tr><td><strong>REGULAR (11\/08 &#8211; 31\/08)<\/strong><\/td><td>SAAP member<br>non-SAAP**<\/td><td>550 PLN<br>600 PLN<\/td><td>400 PLN<br>450 PLN<\/td><\/tr><tr><td><strong>LATE (1\/09-26\/09)<\/strong><\/td><td>SAAP member<br>non-SAAP**<\/td><td>600 PLN<br>650 PLN<\/td><td>450 PLN<br>500 PLN<\/td><\/tr><\/tbody><\/table><\/figure>\n\n\n\n<div class=\"wp-container-2 wp-block-group\"><div class=\"wp-block-group__inner-container\">\n<ul><li>dop\u0142ata do pokoju 1-osobowego &#8211; 100 PLN<\/li><li>Aby zosta\u0107 cz\u0142onkiem naszego Stowarzyszenia i korzysta\u0107 z rabat\u00f3w, przejd\u017a <a href=\"https:\/\/aiesec-alumni.pl\/index.php\/dolacz\/\"><strong>tutaj<\/strong><\/a><\/li><\/ul>\n<\/div><\/div>\n\n\n\n<figure class=\"wp-container-4 wp-block-gallery-3 wp-block-gallery has-nested-images columns-default is-cropped\">\n<figure class=\"wp-block-image size-large\"><img loading=\"lazy\" width=\"872\" height=\"581\" data-id=\"1428\"  src=\"https:\/\/aiesec-alumni.pl\/wp-content\/uploads\/2025\/07\/459118065_8316022321800392_9094514090865454069_n.jpg\" alt=\"\" class=\"wp-image-1428\" srcset=\"https:\/\/aiesec-alumni.pl\/wp-content\/uploads\/2025\/07\/459118065_8316022321800392_9094514090865454069_n.jpg 872w, https:\/\/aiesec-alumni.pl\/wp-content\/uploads\/2025\/07\/459118065_8316022321800392_9094514090865454069_n-300x200.jpg 300w, https:\/\/aiesec-alumni.pl\/wp-content\/uploads\/2025\/07\/459118065_8316022321800392_9094514090865454069_n-768x512.jpg 768w, https:\/\/aiesec-alumni.pl\/wp-content\/uploads\/2025\/07\/459118065_8316022321800392_9094514090865454069_n-700x466.jpg 700w, https:\/\/aiesec-alumni.pl\/wp-content\/uploads\/2025\/07\/459118065_8316022321800392_9094514090865454069_n-520x346.jpg 520w, https:\/\/aiesec-alumni.pl\/wp-content\/uploads\/2025\/07\/459118065_8316022321800392_9094514090865454069_n-360x240.jpg 360w, https:\/\/aiesec-alumni.pl\/wp-content\/uploads\/2025\/07\/459118065_8316022321800392_9094514090865454069_n-250x167.jpg 250w, https:\/\/aiesec-alumni.pl\/wp-content\/uploads\/2025\/07\/459118065_8316022321800392_9094514090865454069_n-100x67.jpg 100w\" sizes=\"(max-width: 872px) 100vw, 872px\" \/><\/figure>\n\n\n\n<figure class=\"wp-block-image size-large\"><img loading=\"lazy\" width=\"896\" height=\"597\" data-id=\"1429\"  src=\"https:\/\/aiesec-alumni.pl\/wp-content\/uploads\/2025\/07\/498026620_9899295386806403_2249514949190291640_n.jpg\" alt=\"\" class=\"wp-image-1429\" srcset=\"https:\/\/aiesec-alumni.pl\/wp-content\/uploads\/2025\/07\/498026620_9899295386806403_2249514949190291640_n.jpg 896w, https:\/\/aiesec-alumni.pl\/wp-content\/uploads\/2025\/07\/498026620_9899295386806403_2249514949190291640_n-300x200.jpg 300w, https:\/\/aiesec-alumni.pl\/wp-content\/uploads\/2025\/07\/498026620_9899295386806403_2249514949190291640_n-768x512.jpg 768w, https:\/\/aiesec-alumni.pl\/wp-content\/uploads\/2025\/07\/498026620_9899295386806403_2249514949190291640_n-700x466.jpg 700w, https:\/\/aiesec-alumni.pl\/wp-content\/uploads\/2025\/07\/498026620_9899295386806403_2249514949190291640_n-520x346.jpg 520w, https:\/\/aiesec-alumni.pl\/wp-content\/uploads\/2025\/07\/498026620_9899295386806403_2249514949190291640_n-360x240.jpg 360w, https:\/\/aiesec-alumni.pl\/wp-content\/uploads\/2025\/07\/498026620_9899295386806403_2249514949190291640_n-250x167.jpg 250w, https:\/\/aiesec-alumni.pl\/wp-content\/uploads\/2025\/07\/498026620_9899295386806403_2249514949190291640_n-100x67.jpg 100w\" sizes=\"(max-width: 896px) 100vw, 896px\" \/><\/figure>\n\n\n\n<figure class=\"wp-block-image size-large\"><img loading=\"lazy\" width=\"896\" height=\"597\" data-id=\"1430\"  src=\"https:\/\/aiesec-alumni.pl\/wp-content\/uploads\/2025\/07\/499580146_9899295406806401_8716653708831845844_n.jpg\" alt=\"\" class=\"wp-image-1430\" srcset=\"https:\/\/aiesec-alumni.pl\/wp-content\/uploads\/2025\/07\/499580146_9899295406806401_8716653708831845844_n.jpg 896w, https:\/\/aiesec-alumni.pl\/wp-content\/uploads\/2025\/07\/499580146_9899295406806401_8716653708831845844_n-300x200.jpg 300w, https:\/\/aiesec-alumni.pl\/wp-content\/uploads\/2025\/07\/499580146_9899295406806401_8716653708831845844_n-768x512.jpg 768w, https:\/\/aiesec-alumni.pl\/wp-content\/uploads\/2025\/07\/499580146_9899295406806401_8716653708831845844_n-700x466.jpg 700w, https:\/\/aiesec-alumni.pl\/wp-content\/uploads\/2025\/07\/499580146_9899295406806401_8716653708831845844_n-520x346.jpg 520w, https:\/\/aiesec-alumni.pl\/wp-content\/uploads\/2025\/07\/499580146_9899295406806401_8716653708831845844_n-360x240.jpg 360w, https:\/\/aiesec-alumni.pl\/wp-content\/uploads\/2025\/07\/499580146_9899295406806401_8716653708831845844_n-250x167.jpg 250w, https:\/\/aiesec-alumni.pl\/wp-content\/uploads\/2025\/07\/499580146_9899295406806401_8716653708831845844_n-100x67.jpg 100w\" sizes=\"(max-width: 896px) 100vw, 896px\" \/><\/figure>\n\n\n\n<figure class=\"wp-block-image size-large\"><img loading=\"lazy\" width=\"1024\" height=\"768\" data-id=\"1431\"  src=\"https:\/\/aiesec-alumni.pl\/wp-content\/uploads\/2025\/07\/511154260_1193320685928637_1694492662978736546_n-1024x768.jpg\" alt=\"\" class=\"wp-image-1431\" srcset=\"https:\/\/aiesec-alumni.pl\/wp-content\/uploads\/2025\/07\/511154260_1193320685928637_1694492662978736546_n-1024x768.jpg 1024w, https:\/\/aiesec-alumni.pl\/wp-content\/uploads\/2025\/07\/511154260_1193320685928637_1694492662978736546_n-300x225.jpg 300w, https:\/\/aiesec-alumni.pl\/wp-content\/uploads\/2025\/07\/511154260_1193320685928637_1694492662978736546_n-768x576.jpg 768w, https:\/\/aiesec-alumni.pl\/wp-content\/uploads\/2025\/07\/511154260_1193320685928637_1694492662978736546_n-1536x1152.jpg 1536w, https:\/\/aiesec-alumni.pl\/wp-content\/uploads\/2025\/07\/511154260_1193320685928637_1694492662978736546_n-700x525.jpg 700w, https:\/\/aiesec-alumni.pl\/wp-content\/uploads\/2025\/07\/511154260_1193320685928637_1694492662978736546_n-520x390.jpg 520w, https:\/\/aiesec-alumni.pl\/wp-content\/uploads\/2025\/07\/511154260_1193320685928637_1694492662978736546_n-360x270.jpg 360w, https:\/\/aiesec-alumni.pl\/wp-content\/uploads\/2025\/07\/511154260_1193320685928637_1694492662978736546_n-250x188.jpg 250w, https:\/\/aiesec-alumni.pl\/wp-content\/uploads\/2025\/07\/511154260_1193320685928637_1694492662978736546_n-100x75.jpg 100w, https:\/\/aiesec-alumni.pl\/wp-content\/uploads\/2025\/07\/511154260_1193320685928637_1694492662978736546_n.jpg 2048w\" sizes=\"(max-width: 1024px) 100vw, 1024px\" \/><\/figure>\n\n\n\n<figure class=\"wp-block-image size-large\"><img loading=\"lazy\" width=\"768\" height=\"1024\" data-id=\"1432\"  src=\"https:\/\/aiesec-alumni.pl\/wp-content\/uploads\/2025\/07\/513582779_1195738739020165_6224678882163253503_n-768x1024.jpg\" alt=\"\" class=\"wp-image-1432\" srcset=\"https:\/\/aiesec-alumni.pl\/wp-content\/uploads\/2025\/07\/513582779_1195738739020165_6224678882163253503_n-768x1024.jpg 768w, https:\/\/aiesec-alumni.pl\/wp-content\/uploads\/2025\/07\/513582779_1195738739020165_6224678882163253503_n-225x300.jpg 225w, https:\/\/aiesec-alumni.pl\/wp-content\/uploads\/2025\/07\/513582779_1195738739020165_6224678882163253503_n-1152x1536.jpg 1152w, https:\/\/aiesec-alumni.pl\/wp-content\/uploads\/2025\/07\/513582779_1195738739020165_6224678882163253503_n-700x933.jpg 700w, https:\/\/aiesec-alumni.pl\/wp-content\/uploads\/2025\/07\/513582779_1195738739020165_6224678882163253503_n-520x693.jpg 520w, https:\/\/aiesec-alumni.pl\/wp-content\/uploads\/2025\/07\/513582779_1195738739020165_6224678882163253503_n-360x480.jpg 360w, https:\/\/aiesec-alumni.pl\/wp-content\/uploads\/2025\/07\/513582779_1195738739020165_6224678882163253503_n-250x333.jpg 250w, https:\/\/aiesec-alumni.pl\/wp-content\/uploads\/2025\/07\/513582779_1195738739020165_6224678882163253503_n-100x133.jpg 100w, https:\/\/aiesec-alumni.pl\/wp-content\/uploads\/2025\/07\/513582779_1195738739020165_6224678882163253503_n.jpg 1536w\" sizes=\"(max-width: 768px) 100vw, 768px\" \/><\/figure>\n\n\n\n<figure class=\"wp-block-image size-large\"><img loading=\"lazy\" width=\"1024\" height=\"683\" data-id=\"1433\"  src=\"https:\/\/aiesec-alumni.pl\/wp-content\/uploads\/2025\/07\/Lato-Polana-Sucha-Go\u0301ra-1-1024x683.jpg\" alt=\"\" class=\"wp-image-1433\" srcset=\"https:\/\/aiesec-alumni.pl\/wp-content\/uploads\/2025\/07\/Lato-Polana-Sucha-Go\u0301ra-1-1024x683.jpg 1024w, https:\/\/aiesec-alumni.pl\/wp-content\/uploads\/2025\/07\/Lato-Polana-Sucha-Go\u0301ra-1-300x200.jpg 300w, https:\/\/aiesec-alumni.pl\/wp-content\/uploads\/2025\/07\/Lato-Polana-Sucha-Go\u0301ra-1-768x512.jpg 768w, https:\/\/aiesec-alumni.pl\/wp-content\/uploads\/2025\/07\/Lato-Polana-Sucha-Go\u0301ra-1-1536x1024.jpg 1536w, https:\/\/aiesec-alumni.pl\/wp-content\/uploads\/2025\/07\/Lato-Polana-Sucha-Go\u0301ra-1-700x467.jpg 700w, https:\/\/aiesec-alumni.pl\/wp-content\/uploads\/2025\/07\/Lato-Polana-Sucha-Go\u0301ra-1-520x347.jpg 520w, https:\/\/aiesec-alumni.pl\/wp-content\/uploads\/2025\/07\/Lato-Polana-Sucha-Go\u0301ra-1-360x240.jpg 360w, https:\/\/aiesec-alumni.pl\/wp-content\/uploads\/2025\/07\/Lato-Polana-Sucha-Go\u0301ra-1-250x167.jpg 250w, https:\/\/aiesec-alumni.pl\/wp-content\/uploads\/2025\/07\/Lato-Polana-Sucha-Go\u0301ra-1-100x67.jpg 100w, https:\/\/aiesec-alumni.pl\/wp-content\/uploads\/2025\/07\/Lato-Polana-Sucha-Go\u0301ra-1.jpg 1785w\" sizes=\"(max-width: 1024px) 100vw, 1024px\" \/><\/figure>\n<\/figure>\n\n\n\n<p>#WeekendAlumni2025 #SAAP #AIESECAlumni #Networking #BackToTheRoots #UKubica #AIESECForever<\/p>\n","protected":false},"excerpt":{"rendered":"<p>&#x1f389;&nbsp;WEEKEND ALUMNI AIESEC POLSKA 2025&nbsp;&#x1f389;&#x1f4c5;&nbsp;26-28 wrze\u015bnia 2025&#x1f4cd; O\u015brodek&nbsp;U Kubic\u00f3w, Szare \u2013 serce Beskidu \u017bywieckiego&#x1f449;&nbsp;www.ukubicow.pl Drodzy Alumni!Po raz kolejny zapraszamy Was na&nbsp;najbardziej wyczekiwane spotkanie roku&nbsp;\u2013&nbsp;Weekend Alumni AIESEC Polska! Trzy dni w g\u00f3rach, w gronie fantastycznych ludzi, wspomnie\u0144 i networkingowych rozm\u00f3w do [&hellip;]<\/p>\n","protected":false},"author":1,"featured_media":1427,"parent":0,"menu_order":0,"comment_status":"closed","ping_status":"closed","template":"page-templates\/single-project.php","meta":[],"yoast_head":"<!-- This site is optimized with the Yoast SEO plugin v19.4 - https:\/\/yoast.com\/wordpress\/plugins\/seo\/ -->\n<title>Alumni Weekend - AIESEC Alumni Poland<\/title>\n<meta name=\"robots\" content=\"index, follow, max-snippet:-1, max-image-preview:large, max-video-preview:-1\" \/>\n<link rel=\"canonical\" href=\"https:\/\/aiesec-alumni.pl\/index.php\/alumniweekend25\/\" \/>\n<meta property=\"og:locale\" content=\"en_US\" \/>\n<meta property=\"og:type\" content=\"article\" \/>\n<meta property=\"og:title\" content=\"Alumni Weekend - AIESEC Alumni Poland\" \/>\n<meta property=\"og:description\" content=\"&#x1f389;&nbsp;WEEKEND ALUMNI AIESEC POLSKA 2025&nbsp;&#x1f389;&#x1f4c5;&nbsp;26-28 wrze\u015bnia 2025&#x1f4cd; O\u015brodek&nbsp;U Kubic\u00f3w, Szare \u2013 serce Beskidu \u017bywieckiego&#x1f449;&nbsp;www.ukubicow.pl Drodzy Alumni!Po raz kolejny zapraszamy Was na&nbsp;najbardziej wyczekiwane spotkanie roku&nbsp;\u2013&nbsp;Weekend Alumni AIESEC Polska! Trzy dni w g\u00f3rach, w gronie fantastycznych ludzi, wspomnie\u0144 i networkingowych rozm\u00f3w do [&hellip;]\" \/>\n<meta property=\"og:url\" content=\"https:\/\/aiesec-alumni.pl\/index.php\/alumniweekend25\/\" \/>\n<meta property=\"og:site_name\" content=\"AIESEC Alumni Poland\" \/>\n<meta property=\"article:modified_time\" content=\"2025-07-31T06:40:46+00:00\" \/>\n<meta property=\"og:image\" content=\"https:\/\/aiesec-alumni.pl\/wp-content\/uploads\/2025\/07\/Lato-Polana-Sucha-Go\u0301ra.jpg\" \/>\n\t<meta property=\"og:image:width\" content=\"1785\" \/>\n\t<meta property=\"og:image:height\" content=\"1190\" \/>\n\t<meta property=\"og:image:type\" content=\"image\/jpeg\" \/>\n<meta name=\"twitter:card\" content=\"summary_large_image\" \/>\n<meta name=\"twitter:label1\" content=\"Est. reading time\" \/>\n\t<meta name=\"twitter:data1\" content=\"3 minutes\" \/>\n<script type=\"application\/ld+json\" class=\"yoast-schema-graph\">{\"@context\":\"https:\/\/schema.org\",\"@graph\":[{\"@type\":\"Organization\",\"@id\":\"https:\/\/aiesec-alumni.pl\/#organization\",\"name\":\"AIESEC Alumni Poland\",\"url\":\"https:\/\/aiesec-alumni.pl\/\",\"sameAs\":[],\"logo\":{\"@type\":\"ImageObject\",\"inLanguage\":\"en-US\",\"@id\":\"https:\/\/aiesec-alumni.pl\/#\/schema\/logo\/image\/\",\"url\":\"https:\/\/aiesec-alumni.pl\/wp-content\/uploads\/2019\/11\/cropped-logo.png\",\"contentUrl\":\"https:\/\/aiesec-alumni.pl\/wp-content\/uploads\/2019\/11\/cropped-logo.png\",\"width\":200,\"height\":80,\"caption\":\"AIESEC Alumni Poland\"},\"image\":{\"@id\":\"https:\/\/aiesec-alumni.pl\/#\/schema\/logo\/image\/\"}},{\"@type\":\"WebSite\",\"@id\":\"https:\/\/aiesec-alumni.pl\/#website\",\"url\":\"https:\/\/aiesec-alumni.pl\/\",\"name\":\"AIESEC Alumni Poland\",\"description\":\"AIESEC Alumni Poland Association website\",\"publisher\":{\"@id\":\"https:\/\/aiesec-alumni.pl\/#organization\"},\"potentialAction\":[{\"@type\":\"SearchAction\",\"target\":{\"@type\":\"EntryPoint\",\"urlTemplate\":\"https:\/\/aiesec-alumni.pl\/?s={search_term_string}\"},\"query-input\":\"required name=search_term_string\"}],\"inLanguage\":\"en-US\"},{\"@type\":\"WebPage\",\"@id\":\"https:\/\/aiesec-alumni.pl\/index.php\/alumniweekend25\/\",\"url\":\"https:\/\/aiesec-alumni.pl\/index.php\/alumniweekend25\/\",\"name\":\"Alumni Weekend - AIESEC Alumni Poland\",\"isPartOf\":{\"@id\":\"https:\/\/aiesec-alumni.pl\/#website\"},\"datePublished\":\"2021-05-01T12:53:48+00:00\",\"dateModified\":\"2025-07-31T06:40:46+00:00\",\"breadcrumb\":{\"@id\":\"https:\/\/aiesec-alumni.pl\/index.php\/alumniweekend25\/#breadcrumb\"},\"inLanguage\":\"en-US\",\"potentialAction\":[{\"@type\":\"ReadAction\",\"target\":[\"https:\/\/aiesec-alumni.pl\/index.php\/alumniweekend25\/\"]}]},{\"@type\":\"BreadcrumbList\",\"@id\":\"https:\/\/aiesec-alumni.pl\/index.php\/alumniweekend25\/#breadcrumb\",\"itemListElement\":[{\"@type\":\"ListItem\",\"position\":1,\"name\":\"Strona g\u0142\u00f3wna\",\"item\":\"https:\/\/aiesec-alumni.pl\/\"},{\"@type\":\"ListItem\",\"position\":2,\"name\":\"Alumni Weekend\"}]}]}<\/script>\n<!-- \/ Yoast SEO plugin. -->","yoast_head_json":{"title":"Alumni Weekend - AIESEC Alumni Poland","robots":{"index":"index","follow":"follow","max-snippet":"max-snippet:-1","max-image-preview":"max-image-preview:large","max-video-preview":"max-video-preview:-1"},"canonical":"https:\/\/aiesec-alumni.pl\/index.php\/alumniweekend25\/","og_locale":"en_US","og_type":"article","og_title":"Alumni Weekend - AIESEC Alumni Poland","og_description":"&#x1f389;&nbsp;WEEKEND ALUMNI AIESEC POLSKA 2025&nbsp;&#x1f389;&#x1f4c5;&nbsp;26-28 wrze\u015bnia 2025&#x1f4cd; O\u015brodek&nbsp;U Kubic\u00f3w, Szare \u2013 serce Beskidu \u017bywieckiego&#x1f449;&nbsp;www.ukubicow.pl Drodzy Alumni!Po raz kolejny zapraszamy Was na&nbsp;najbardziej wyczekiwane spotkanie roku&nbsp;\u2013&nbsp;Weekend Alumni AIESEC Polska! Trzy dni w g\u00f3rach, w gronie fantastycznych ludzi, wspomnie\u0144 i networkingowych rozm\u00f3w do [&hellip;]","og_url":"https:\/\/aiesec-alumni.pl\/index.php\/alumniweekend25\/","og_site_name":"AIESEC Alumni Poland","article_modified_time":"2025-07-31T06:40:46+00:00","og_image":[{"width":1785,"height":1190,"url":"https:\/\/aiesec-alumni.pl\/wp-content\/uploads\/2025\/07\/Lato-Polana-Sucha-Go\u0301ra.jpg","type":"image\/jpeg"}],"twitter_card":"summary_large_image","twitter_misc":{"Est. reading time":"3 minutes"},"schema":{"@context":"https:\/\/schema.org","@graph":[{"@type":"Organization","@id":"https:\/\/aiesec-alumni.pl\/#organization","name":"AIESEC Alumni Poland","url":"https:\/\/aiesec-alumni.pl\/","sameAs":[],"logo":{"@type":"ImageObject","inLanguage":"en-US","@id":"https:\/\/aiesec-alumni.pl\/#\/schema\/logo\/image\/","url":"https:\/\/aiesec-alumni.pl\/wp-content\/uploads\/2019\/11\/cropped-logo.png","contentUrl":"https:\/\/aiesec-alumni.pl\/wp-content\/uploads\/2019\/11\/cropped-logo.png","width":200,"height":80,"caption":"AIESEC Alumni Poland"},"image":{"@id":"https:\/\/aiesec-alumni.pl\/#\/schema\/logo\/image\/"}},{"@type":"WebSite","@id":"https:\/\/aiesec-alumni.pl\/#website","url":"https:\/\/aiesec-alumni.pl\/","name":"AIESEC Alumni Poland","description":"AIESEC Alumni Poland Association website","publisher":{"@id":"https:\/\/aiesec-alumni.pl\/#organization"},"potentialAction":[{"@type":"SearchAction","target":{"@type":"EntryPoint","urlTemplate":"https:\/\/aiesec-alumni.pl\/?s={search_term_string}"},"query-input":"required name=search_term_string"}],"inLanguage":"en-US"},{"@type":"WebPage","@id":"https:\/\/aiesec-alumni.pl\/index.php\/alumniweekend25\/","url":"https:\/\/aiesec-alumni.pl\/index.php\/alumniweekend25\/","name":"Alumni Weekend - AIESEC Alumni Poland","isPartOf":{"@id":"https:\/\/aiesec-alumni.pl\/#website"},"datePublished":"2021-05-01T12:53:48+00:00","dateModified":"2025-07-31T06:40:46+00:00","breadcrumb":{"@id":"https:\/\/aiesec-alumni.pl\/index.php\/alumniweekend25\/#breadcrumb"},"inLanguage":"en-US","potentialAction":[{"@type":"ReadAction","target":["https:\/\/aiesec-alumni.pl\/index.php\/alumniweekend25\/"]}]},{"@type":"BreadcrumbList","@id":"https:\/\/aiesec-alumni.pl\/index.php\/alumniweekend25\/#breadcrumb","itemListElement":[{"@type":"ListItem","position":1,"name":"Strona g\u0142\u00f3wna","item":"https:\/\/aiesec-alumni.pl\/"},{"@type":"ListItem","position":2,"name":"Alumni Weekend"}]}]}},"_links":{"self":[{"href":"https:\/\/aiesec-alumni.pl\/index.php\/wp-json\/wp\/v2\/pages\/595"}],"collection":[{"href":"https:\/\/aiesec-alumni.pl\/index.php\/wp-json\/wp\/v2\/pages"}],"about":[{"href":"https:\/\/aiesec-alumni.pl\/index.php\/wp-json\/wp\/v2\/types\/page"}],"author":[{"embeddable":true,"href":"https:\/\/aiesec-alumni.pl\/index.php\/wp-json\/wp\/v2\/users\/1"}],"replies":[{"embeddable":true,"href":"https:\/\/aiesec-alumni.pl\/index.php\/wp-json\/wp\/v2\/comments?post=595"}],"version-history":[{"count":83,"href":"https:\/\/aiesec-alumni.pl\/index.php\/wp-json\/wp\/v2\/pages\/595\/revisions"}],"predecessor-version":[{"id":1448,"href":"https:\/\/aiesec-alumni.pl\/index.php\/wp-json\/wp\/v2\/pages\/595\/revisions\/1448"}],"wp:featuredmedia":[{"embeddable":true,"href":"https:\/\/aiesec-alumni.pl\/index.php\/wp-json\/wp\/v2\/media\/1427"}],"wp:attachment":[{"href":"https:\/\/aiesec-alumni.pl\/index.php\/wp-json\/wp\/v2\/media?parent=595"}],"curies":[{"name":"wp","href":"https:\/\/api.w.org\/{rel}","templated":true}]}}